{"id":11,"date":"2025-11-28T19:13:51","date_gmt":"2025-11-28T18:13:51","guid":{"rendered":"http:\/\/hervemv.cluster121.hosting.ovh.net\/?page_id=11"},"modified":"2026-01-16T17:48:10","modified_gmt":"2026-01-16T16:48:10","slug":"refund_returns","status":"publish","type":"page","link":"https:\/\/www.hervemassage.fr\/index.php\/refund_returns\/","title":{"rendered":"Conditions g\u00e9n\u00e9rales de vente"},"content":{"rendered":"\n<h2 class=\"wp-block-heading\">Acc\u00e8s au service<\/h2>\n\n\n\n<p>Le service est ouvert \u00e0 toute personne majeure sans limitation d&rsquo;\u00e2ge, et en bonne sant\u00e9.<\/p>\n\n\n\n<p>Le massage peut avoir lieu :<\/p>\n\n\n\n<ul class=\"wp-block-list\">\n<li>\u00e0 domicile (forfait d\u00e9placement de 15\u20ac \u2013 voir localit\u00e9s selon agenda)<\/li>\n\n\n\n<li>en cabinet (choisir l\u2019option de livraison \u00ab&nbsp;Soin en cabinet&nbsp;\u00bb)<\/li>\n<\/ul>\n\n\n\n<p>Il est ouvert \u00e0 toute personne ne pr\u00e9sentant pas de contrindication au massage bien \u00eatre, c\u2019est \u00e0 dire ne pr\u00e9sentant pas d\u2019infection ou d\u2019inflammation (y compris rhume ou maladie b\u00e9nigne), n\u2019ayant pas subit d\u2019op\u00e9ration chirurgicale de moins de 3 mois, et pour les femmes enceintes sur avis m\u00e9dical uniquement.<\/p>\n\n\n\n<p>Pour les soins \u00e0 domicile, il est n\u00e9cessaire de disposer d\u2019un espace libre et intime de 3m50 x 3m minimum, correctement chauff\u00e9 (entre 21\u00b0C et 24\u00b0C), et d\u2019un point d\u2019eau facilement accessible. Veiller \u00e0 ce qu\u2019aucun passage par cet espace ne soit possible durant toute la dur\u00e9e du massage.<\/p>\n\n\n\n<p>La table de massage, les draps, serviettes et huile sont fournis.<\/p>\n\n\n\n<h2 class=\"wp-block-heading\">Modificaion ou annulation <\/h2>\n\n\n\n<p>Merci de m&rsquo;informer de toute annulation ou changement 48h minimum \u00e0 l&rsquo;avance.<\/p>\n\n\n\n<p>Toute r\u00e9servation non honor\u00e9e, et non annul\u00e9e moins de 48h \u00e0 l&rsquo;avance est due int\u00e9gralement et ne peut faire l&rsquo;objet d&rsquo;un remboursement. Elle peut \u00eatre report\u00e9e \u00e0 une date ult\u00e9rieure gr\u00e2ce \u00e0 l&rsquo;\u00e9mission d&rsquo;un code de r\u00e9duction, d\u00e9duction faite d&rsquo;un forfait annulation de 40\u20ac quel que soit le montant du service initialement programm\u00e9.<\/p>\n\n\n\n<p>Les annulations faites plus de 48h \u00e0 l&rsquo;avance sont rembours\u00e9es lors de la premi\u00e8re annulation. Toute annulation suppl\u00e9mentaire dans les 6 mois suivants se verra appliqu\u00e9 des frais d&rsquo;annulation forfaitaires de 40\u20ac.<\/p>\n\n\n\n<p>Les changement des rendez-vous demand\u00e9s plus de 48h \u00e0 l&rsquo;avance n&rsquo;engendrent pas de frais suppl\u00e9mentaires lors de la premi\u00e8re demande. Tout changement suppl\u00e9mentaire dans les 6 mois suivants se verra appliqu\u00e9 des frais de modification forfaitaires de 40\u20ac.<\/p>\n\n\n\n<p><\/p>\n\n\n\n<h2 class=\"wp-block-heading\">Vous avez une question ou besoin d&rsquo;aide ?<\/h2>\n\n\n\n<p>Contactez-moi \u00e0 {email} pour toute question sur les massages ou sur les conditions de vente.<\/p>\n\n\n\n<p><\/p>\n","protected":false},"excerpt":{"rendered":"<p>Acc\u00e8s au service Le service est ouvert \u00e0 toute personne majeure sans limitation d&rsquo;\u00e2ge, et en bonne sant\u00e9. Le massage peut avoir lieu : Il est ouvert \u00e0 toute personne &hellip; <\/p>\n","protected":false},"author":1,"featured_media":0,"parent":0,"menu_order":0,"comment_status":"closed","ping_status":"closed","template":"","meta":{"footnotes":""},"class_list":["post-11","page","type-page","status-publish","hentry"],"aioseo_notices":[],"jetpack_sharing_enabled":true,"_links":{"self":[{"href":"https:\/\/www.hervemassage.fr\/index.php\/wp-json\/wp\/v2\/pages\/11","targetHints":{"allow":["GET"]}}],"collection":[{"href":"https:\/\/www.hervemassage.fr\/index.php\/wp-json\/wp\/v2\/pages"}],"about":[{"href":"https:\/\/www.hervemassage.fr\/index.php\/wp-json\/wp\/v2\/types\/page"}],"author":[{"embeddable":true,"href":"https:\/\/www.hervemassage.fr\/index.php\/wp-json\/wp\/v2\/users\/1"}],"replies":[{"embeddable":true,"href":"https:\/\/www.hervemassage.fr\/index.php\/wp-json\/wp\/v2\/comments?post=11"}],"version-history":[{"count":3,"href":"https:\/\/www.hervemassage.fr\/index.php\/wp-json\/wp\/v2\/pages\/11\/revisions"}],"predecessor-version":[{"id":244,"href":"https:\/\/www.hervemassage.fr\/index.php\/wp-json\/wp\/v2\/pages\/11\/revisions\/244"}],"wp:attachment":[{"href":"https:\/\/www.hervemassage.fr\/index.php\/wp-json\/wp\/v2\/media?parent=11"}],"curies":[{"name":"wp","href":"https:\/\/api.w.org\/{rel}","templated":true}]}}