{"id":178,"date":"2025-12-26T19:59:19","date_gmt":"2025-12-26T18:59:19","guid":{"rendered":"https:\/\/www.hervemassage.fr\/?post_type=product&#038;p=178"},"modified":"2026-01-22T20:36:35","modified_gmt":"2026-01-22T19:36:35","slug":"carte-cadeau-massage-90-minutes","status":"publish","type":"product","link":"https:\/\/www.hervemassage.fr\/index.php\/produit\/carte-cadeau-massage-90-minutes\/","title":{"rendered":"Carte cadeau Massage"},"content":{"rendered":"<p>Offrez un soin de 60 minutes ou 90 minutes \u00e0 la personne de votre choix et permettez lui de profiter d&rsquo;un moment de ressourcement et de bien \u00eatre tout en douceur !<br \/>\nLe choix du massage et la r\u00e9servation du cr\u00e9neau horaire peuvent se faire par t\u00e9l\u00e9phone ou mail aux adresses indiqu\u00e9es.<\/p>\n<p>Il vous suffit de mettre cet article dans votre panier et r\u00e9gler votre commande, vous aurez acc\u00e8s \u00e0 une carte cadeau t\u00e9l\u00e9chargeable sous 30 jours que vous pourrez imprimer et compl\u00e9ter pour l&rsquo;offrir \u00e0 la personne souhait\u00e9e.<\/p>\n<p>La carte est valable 1 an \u00e0 compter de sa date d&rsquo;achat<\/p>\n<p>Le massage peut avoir lieu :<\/p>\n<ul>\n<li>\u00e0 domicile (+ 15\u20ac &#8211; maximum 30 minutes autour de Compi\u00e8gne)<\/li>\n<li>en cabinet (selon disponibilit\u00e9s)<\/li>\n<\/ul>\n<p>Il est ouvert \u00e0 toute personne ne pr\u00e9sentant pas de contrindication au massage bien \u00eatre, c&rsquo;est \u00e0 dire ne pr\u00e9sentant pas d&rsquo;infection ou d&rsquo;inflammation (y compris rhume ou maladie b\u00e9nigne), n&rsquo;ayant pas subit d&rsquo;op\u00e9ration chirurgicale de moins de 3 mois et pour les femmes enceinte sur avis m\u00e9dical uniquement.<\/p>\n<p>Pour les soins \u00e0 domicile, il est n\u00e9cessaire de disposer d&rsquo;un espace libre et intime de 3m50 x 3m minimum, correctement chauff\u00e9 (entre 21\u00b0C et 24\u00b0C), et d&rsquo;un point d&rsquo;eau facilement accessible. Veiller \u00e0 ce qu&rsquo;aucun passage par cet espace ne soit possible durant toute la dur\u00e9e du massage.<\/p>\n<p>La table de massage, les draps, serviettes et huile sont fournis.<\/p>\n","protected":false},"excerpt":{"rendered":"<p>Offrez un soin de 60 minutes ou 90 minutes \u00e0 la personne de votre choix et permettez lui de profiter d&rsquo;un moment de ressourcement et de bien \u00eatre tout en douceur !<br \/>\nLe choix du massage et la r\u00e9servation du cr\u00e9neau horaire peuvent se faire par t\u00e9l\u00e9phone ou mail aux adresses indiqu\u00e9es.<\/p>\n","protected":false},"featured_media":118,"template":"","meta":[],"product_brand":[],"product_cat":[18],"product_tag":[],"class_list":{"0":"post-178","1":"product","2":"type-product","3":"status-publish","4":"has-post-thumbnail","6":"product_cat-massage","8":"first","9":"instock","10":"shipping-taxable","11":"purchasable","12":"product-type-variable"},"aioseo_notices":[],"jetpack_sharing_enabled":true,"_links":{"self":[{"href":"https:\/\/www.hervemassage.fr\/index.php\/wp-json\/wp\/v2\/product\/178","targetHints":{"allow":["GET"]}}],"collection":[{"href":"https:\/\/www.hervemassage.fr\/index.php\/wp-json\/wp\/v2\/product"}],"about":[{"href":"https:\/\/www.hervemassage.fr\/index.php\/wp-json\/wp\/v2\/types\/product"}],"wp:featuredmedia":[{"embeddable":true,"href":"https:\/\/www.hervemassage.fr\/index.php\/wp-json\/wp\/v2\/media\/118"}],"wp:attachment":[{"href":"https:\/\/www.hervemassage.fr\/index.php\/wp-json\/wp\/v2\/media?parent=178"}],"wp:term":[{"taxonomy":"product_brand","embeddable":true,"href":"https:\/\/www.hervemassage.fr\/index.php\/wp-json\/wp\/v2\/product_brand?post=178"},{"taxonomy":"product_cat","embeddable":true,"href":"https:\/\/www.hervemassage.fr\/index.php\/wp-json\/wp\/v2\/product_cat?post=178"},{"taxonomy":"product_tag","embeddable":true,"href":"https:\/\/www.hervemassage.fr\/index.php\/wp-json\/wp\/v2\/product_tag?post=178"}],"curies":[{"name":"wp","href":"https:\/\/api.w.org\/{rel}","templated":true}]}}