{"id":209,"date":"2025-12-26T20:40:44","date_gmt":"2025-12-26T19:40:44","guid":{"rendered":"https:\/\/www.hervemassage.fr\/?post_type=product&#038;p=209"},"modified":"2026-01-23T18:17:25","modified_gmt":"2026-01-23T17:17:25","slug":"massage-musculaire-deep-tissue-global","status":"publish","type":"product","link":"https:\/\/www.hervemassage.fr\/index.php\/produit\/massage-musculaire-deep-tissue-global\/","title":{"rendered":"Massage musculaire Deep Tissue Global"},"content":{"rendered":"<p>Il s\u2019agit d\u2019un massage musculaire profond destin\u00e9 \u00e0 d\u00e9lier les tensions. Son effet se fait ressentir le lendemain par une sensation de d\u00e9contraction. La pratique de ce massage vise \u00e0 travailler les tissus musculaires en profondeur, tout en restant dans la zone de confort souhait\u00e9e. Il est utile aux personnes s\u00e9dentaires ou pratiquant des activit\u00e9s corporelles limit\u00e9es ou r\u00e9p\u00e9titives.<\/p>\n<p>Ce massage se pratique sur la partie du corps que vous choisissez (1\/2 corps sur 60 minutes ou corps entier possible sur 90 minutes) avec une huile neutre ou parfum\u00e9e.<\/p>\n<p>Le massage peut avoir lieu :<\/p>\n<ul>\n<li>\u00e0 domicile (+15\u20ac &#8211; voir localit\u00e9s selon agenda)<\/li>\n<li>en espace bien-\u00eatre (selon disponibilit\u00e9s)<\/li>\n<\/ul>\n<p>Il est ouvert \u00e0 toute personne ne pr\u00e9sentant pas de contrindication au massage bien \u00eatre, c&rsquo;est \u00e0 dire ne pr\u00e9sentant pas d&rsquo;infection ou d&rsquo;inflammation (y compris rhume ou maladie b\u00e9nigne), n&rsquo;ayant pas subit d&rsquo;op\u00e9ration chirurgicale de moins de 3 mois et pour les femmes enceinte sur avis m\u00e9dical uniquement.<\/p>\n<p>Pour les soins \u00e0 domicile, il est n\u00e9cessaire de disposer d&rsquo;un espace libre et intime de 3m50 x 3m minimum, correctement chauff\u00e9 (entre 21\u00b0C et 24\u00b0C), et d&rsquo;un point d&rsquo;eau facilement accessible. Veiller \u00e0 ce qu&rsquo;aucun passage par cet espace ne soit possible durant toute la dur\u00e9e du massage.<\/p>\n<p>La table de massage, les draps, serviettes et huile sont fournis.<\/p>\n","protected":false},"excerpt":{"rendered":"<p>Il s\u2019agit d\u2019un massage musculaire profond destin\u00e9 \u00e0 d\u00e9lier les tensions. Son effet se fait ressentir le lendemain par une sensation de d\u00e9contraction. La pratique de ce massage vise \u00e0 travailler les tissus musculaires en profondeur, tout en restant dans la zone de confort souhait\u00e9e. Il est utile aux personnes s\u00e9dentaires ou pratiquant des activit\u00e9s corporelles limit\u00e9es ou r\u00e9p\u00e9titives.<\/p>\n","protected":false},"featured_media":121,"template":"","meta":[],"product_brand":[],"product_cat":[18],"product_tag":[],"class_list":{"0":"post-209","1":"product","2":"type-product","3":"status-publish","4":"has-post-thumbnail","6":"product_cat-massage","7":"bookacti-activity","9":"first","10":"instock","11":"sold-individually","12":"shipping-taxable","13":"purchasable","14":"product-type-variable"},"aioseo_notices":[],"jetpack_sharing_enabled":true,"_links":{"self":[{"href":"https:\/\/www.hervemassage.fr\/index.php\/wp-json\/wp\/v2\/product\/209","targetHints":{"allow":["GET"]}}],"collection":[{"href":"https:\/\/www.hervemassage.fr\/index.php\/wp-json\/wp\/v2\/product"}],"about":[{"href":"https:\/\/www.hervemassage.fr\/index.php\/wp-json\/wp\/v2\/types\/product"}],"wp:featuredmedia":[{"embeddable":true,"href":"https:\/\/www.hervemassage.fr\/index.php\/wp-json\/wp\/v2\/media\/121"}],"wp:attachment":[{"href":"https:\/\/www.hervemassage.fr\/index.php\/wp-json\/wp\/v2\/media?parent=209"}],"wp:term":[{"taxonomy":"product_brand","embeddable":true,"href":"https:\/\/www.hervemassage.fr\/index.php\/wp-json\/wp\/v2\/product_brand?post=209"},{"taxonomy":"product_cat","embeddable":true,"href":"https:\/\/www.hervemassage.fr\/index.php\/wp-json\/wp\/v2\/product_cat?post=209"},{"taxonomy":"product_tag","embeddable":true,"href":"https:\/\/www.hervemassage.fr\/index.php\/wp-json\/wp\/v2\/product_tag?post=209"}],"curies":[{"name":"wp","href":"https:\/\/api.w.org\/{rel}","templated":true}]}}