{"id":73,"date":"2025-11-28T18:57:40","date_gmt":"2025-11-28T17:57:40","guid":{"rendered":"https:\/\/hervemv.cluster121.hosting.ovh.net\/?post_type=product&#038;p=73"},"modified":"2026-01-16T17:58:55","modified_gmt":"2026-01-16T16:58:55","slug":"massage-detente","status":"publish","type":"product","link":"https:\/\/www.hervemassage.fr\/index.php\/produit\/massage-detente\/","title":{"rendered":"Massage d\u00e9tente bien-\u00eatre"},"content":{"rendered":"<p>Alliant d\u00e9tente musculaire, remise en circulation des \u00e9nergies et respect du sch\u00e9ma corporel, c&rsquo;est le massage id\u00e9al pour vous ressourcer en douceur. Si vous d\u00e9couvrez le massage bien \u00eatre ou n&rsquo;avez pas d&rsquo;envie particuli\u00e8re, ce massage devrait vous apporter tout ce dont vous avez besoin !<\/p>\n<p>Ce massage se pratique sur l&rsquo;ensemble du corps avec une huile neutre ou parfum\u00e9e. Il est propos\u00e9 sur 60 minutes ou 90 minutes.<\/p>\n<p>Le massage peut avoir lieu :<\/p>\n<ul>\n<li>\u00e0 domicile (+15\u20ac &#8211; voir localit\u00e9s selon agenda)<\/li>\n<li>en espace bien-\u00eatre (selon disponibilit\u00e9s)<\/li>\n<\/ul>\n<p>Il est ouvert \u00e0 toute personne ne pr\u00e9sentant pas de contrindication au massage bien \u00eatre, c&rsquo;est \u00e0 dire ne pr\u00e9sentant pas d&rsquo;infection ou d&rsquo;inflammation (y compris rhume ou maladie b\u00e9nigne), n&rsquo;ayant pas subit d&rsquo;op\u00e9ration chirurgicale de moins de 3 mois et pour les femmes enceinte sur avis m\u00e9dical uniquement.<\/p>\n<p>Pour les soins \u00e0 domicile, il est n\u00e9cessaire de disposer d&rsquo;un espace libre et intime de 3m50 x 3m minimum, correctement chauff\u00e9 (entre 21\u00b0C et 24\u00b0C), et d&rsquo;un point d&rsquo;eau facilement accessible. Veiller \u00e0 ce qu&rsquo;aucun passage par cet espace ne soit possible durant toute la dur\u00e9e du massage.<\/p>\n<p>La table de massage, les draps, serviettes et huile sont fournis.<\/p>\n","protected":false},"excerpt":{"rendered":"<p>Alliant d\u00e9tente musculaire, remise en circulation des \u00e9nergies et respect du sch\u00e9ma corporel, c&rsquo;est le massage id\u00e9al pour vous ressourcer en douceur. Si vous d\u00e9couvrez le massage bien \u00eatre ou n&rsquo;avez pas d&rsquo;envie particuli\u00e8re, ce massage devrait vous apporter tout ce dont vous avez besoin !<\/p>\n","protected":false},"featured_media":119,"template":"","meta":[],"product_brand":[],"product_cat":[18],"product_tag":[],"class_list":{"0":"post-73","1":"product","2":"type-product","3":"status-publish","4":"has-post-thumbnail","6":"product_cat-massage","7":"bookacti-activity","9":"first","10":"instock","11":"sold-individually","12":"shipping-taxable","13":"purchasable","14":"product-type-variable"},"aioseo_notices":[],"jetpack_sharing_enabled":true,"_links":{"self":[{"href":"https:\/\/www.hervemassage.fr\/index.php\/wp-json\/wp\/v2\/product\/73","targetHints":{"allow":["GET"]}}],"collection":[{"href":"https:\/\/www.hervemassage.fr\/index.php\/wp-json\/wp\/v2\/product"}],"about":[{"href":"https:\/\/www.hervemassage.fr\/index.php\/wp-json\/wp\/v2\/types\/product"}],"wp:featuredmedia":[{"embeddable":true,"href":"https:\/\/www.hervemassage.fr\/index.php\/wp-json\/wp\/v2\/media\/119"}],"wp:attachment":[{"href":"https:\/\/www.hervemassage.fr\/index.php\/wp-json\/wp\/v2\/media?parent=73"}],"wp:term":[{"taxonomy":"product_brand","embeddable":true,"href":"https:\/\/www.hervemassage.fr\/index.php\/wp-json\/wp\/v2\/product_brand?post=73"},{"taxonomy":"product_cat","embeddable":true,"href":"https:\/\/www.hervemassage.fr\/index.php\/wp-json\/wp\/v2\/product_cat?post=73"},{"taxonomy":"product_tag","embeddable":true,"href":"https:\/\/www.hervemassage.fr\/index.php\/wp-json\/wp\/v2\/product_tag?post=73"}],"curies":[{"name":"wp","href":"https:\/\/api.w.org\/{rel}","templated":true}]}}